{"id":44966,"date":"2016-02-22T12:42:52","date_gmt":"2016-02-22T15:42:52","guid":{"rendered":"https:\/\/undsgn.com\/uncode\/?page_id=44966"},"modified":"2023-01-25T15:17:02","modified_gmt":"2023-01-25T18:17:02","slug":"contato","status":"publish","type":"page","link":"https:\/\/aliensdesign.com.br\/en\/contato\/","title":{"rendered":"Contact Us"},"content":{"rendered":"<div class=\"wpb-content-wrapper\"><div data-parent=\"true\" class=\"vc_row row-container boomapps_vcrow\" id=\"row-unique-0\"><div class=\"row unequal col-no-gutter no-top-padding no-bottom-padding no-h-padding full-width row-parent\" data-height-ratio=\"55\"><div class=\"wpb_row row-inner\"><div class=\"wpb_column pos-middle pos-center align_left column_parent col-lg-6 boomapps_vccolumn single-internal-gutter\"><div class=\"uncol style-dark unexpand\"  ><div class=\"uncoltable\" style=\"min-height: 360px;\"><div class=\"uncell  boomapps_vccolumn no-block-padding style-color-rgdb-bg has-bg\" ><div class=\"uncont\" ><div class=\"uncode-gmaps-widget  uncode-map-responsive\" >\n\t\t<div class=\"uncode-wrapper\">\n\t\t<div id=\"gmapzVpAIH\" class=\"uncode-map-wrapper\" data-draggable=\"true\" data-zoom=\"16\" data-ui=\"#141618\" data-lat=\"-25.4202277\" data-lon=\"-49.2685553\">\n\t\t<\/div>\n\t\t\t\t<div id=\"gmapzVpAIH-zoom-in\" class=\"gmap-buttons gmap-zoom-min btn style-color-wayh-bg\"><\/div>\n\t\t<div id=\"gmapzVpAIH-zoom-out\" class=\"gmap-buttons gmap-zoom-out btn style-color-wayh-bg\"><\/div>\n\t\t\t\t\t<\/div>\n\t<\/div>\n<\/div><\/div><\/div><\/div><\/div><div class=\"wpb_column pos-middle pos-center align_center column_parent col-lg-3 boomapps_vccolumn single-internal-gutter\"><div class=\"uncol style-dark\"  ><div class=\"uncoltable\"><div class=\"uncell  boomapps_vccolumn triple-block-padding style-accent-bg has-bg\" ><div class=\"column-background background-element\">\n\t\t\t\t\t\t\t\t\t\t\t<div class=\"background-wrapper\">\n\t\t\t\t\t\t\t\t\t\t\t\t<div class=\"background-inner\" style=\"background-repeat: no-repeat;background-position: center center;background-size: cover;\"><\/div>\n\t\t\t\t\t\t\t\t\t\t\t\t<div class=\"block-bg-overlay style-accent-bg\" style=\"opacity: 0.85;\"><\/div>\n\t\t\t\t\t\t\t\t\t\t\t<\/div>\n\t\t\t\t\t\t\t\t\t\t<\/div><div class=\"uncont\" ><div class=\"vc_custom_heading_wrap\"><div class=\"heading-text el-text\" ><h3 class=\"h1 fontspace-781688 font-weight-900 text-color-jevc-color\" ><span>Mothership<\/span><\/h3><hr class=\"separator-break\" \/><\/div><div class=\"clear\"><\/div><\/div><div class=\"uncode_text_column text-lead\" ><\/p>\n<p style=\"color: black;\">R. Heitor Stockler de Fran\u00e7a, 396<br \/>\n5\u00ba andar, sala 510<\/p>\n<p style=\"color: black;\">Centro C\u00edvico &#8211; Curitiba, PR<\/p>\n<p style=\"color: black;\">CEP: 80530-100<\/p>\n<p>\n<\/div><\/div><\/div><\/div><\/div><\/div><div class=\"wpb_column pos-middle pos-center align_center column_parent col-lg-3 boomapps_vccolumn single-internal-gutter\"><div class=\"uncol style-dark\"  ><div class=\"uncoltable\"><div class=\"uncell  boomapps_vccolumn single-block-padding style-color-prif-bg has-bg\" ><div class=\"uncont\" ><div class=\"vc_custom_heading_wrap\"><div class=\"heading-text el-text\" ><h3 class=\"h1 fontspace-781688 font-weight-900 text-color-777586-color\" ><span>Contact Us<\/span><\/h3><hr class=\"separator-break\" \/><\/div><div class=\"clear\"><\/div><\/div><div class=\"uncode_text_column text-lead\" ><\/p>\n<p style=\"color: white; text-align: center;\"><strong style=\"color: white;\">Tel:<\/strong> (41) 99236 7570<br \/>\n<strong style=\"color: white;\">E-mail: <\/strong><a style=\"text-decoration: none; color: white;\" href=\"mailto:contato@aliensdesign.com.br\">contato@aliensdesign.com.br<\/a><\/p>\n<p>\n<\/div><\/div><\/div><\/div><\/div><\/div><script id=\"script-row-unique-0\" data-row=\"script-row-unique-0\" type=\"text\/javascript\" class=\"vc_controls\">UNCODE.initRow(document.getElementById(\"row-unique-0\"));<\/script><\/div><\/div><\/div><div data-parent=\"true\" class=\"vc_row has-bg need-focus style-color-xsdn-bg row-container boomapps_vcrow\" id=\"row-unique-1\"><div class=\"row quad-top-padding quad-bottom-padding single-h-padding limit-width row-parent\"><div class=\"wpb_row row-inner\"><div class=\"wpb_column pos-top pos-center align_center column_parent col-lg-12 boomapps_vccolumn double-internal-gutter\"><div class=\"uncol style-dark\"  ><div class=\"uncoltable\"><div class=\"uncell  boomapps_vccolumn\" ><div class=\"uncont no-block-padding col-custom-width\" style=\" max-width:996px;\" ><div class=\"vc_row row-internal row-container boomapps_vcrow\"><div class=\"row row-child\"><div class=\"wpb_row row-inner\"><div class=\"wpb_column pos-top pos-center align_center column_child col-lg-12 boomapps_vccolumn single-internal-gutter\"><div class=\"uncol style-dark\" ><div class=\"uncoltable\"><div class=\"uncell  boomapps_vccolumn no-block-padding\" ><div class=\"uncont\" style=\" max-width:900px;\" ><div class=\"vc_custom_heading_wrap\"><div class=\"heading-text el-text\" ><h1 class=\"fontsize-155944 fontspace-781688 font-weight-900 text-color-777586-color\" ><span>Start your project!<\/span><\/h1><\/div><div class=\"clear\"><\/div><\/div><\/div><\/div><\/div><\/div><\/div><\/div><\/div><\/div>\n\t<div class=\"wpb_raw_code wpb_raw_html\" >\n\t\t<div class=\"wpb_wrapper\">\n\t\t\t<div role=\"main\" id=\"form-leads-site-7e6d577e7bd66255a893\"><\/div>\n<script type=\"text\/javascript\" src=\"https:\/\/d335luupugsy2.cloudfront.net\/js\/rdstation-forms\/stable\/rdstation-forms.min.js\"><\/script>\n<script type=\"text\/javascript\"> new RDStationForms('form-leads-site-7e6d577e7bd66255a893', 'UA-159446367-3').createForm();<\/script>\n\t\t<\/div>\n\t<\/div>\n<\/div><\/div><\/div><\/div><\/div><script id=\"script-row-unique-1\" data-row=\"script-row-unique-1\" type=\"text\/javascript\" class=\"vc_controls\">UNCODE.initRow(document.getElementById(\"row-unique-1\"));<\/script><\/div><\/div><\/div>\n<\/div>","protected":false},"excerpt":{"rendered":"Nave M\u00e3eR. Heitor Stockler de Fran\u00e7a, 396 5\u00ba andar, sala 510 Centro C\u00edvico &#8211; Curitiba, PR CEP: 80530-100 ContatoTel: (41) [...]","protected":false},"author":1,"featured_media":0,"parent":0,"menu_order":0,"comment_status":"closed","ping_status":"closed","template":"","meta":{"footnotes":""},"class_list":["post-44966","page","type-page","status-publish","hentry"],"yoast_head":"<!-- This site is optimized with the Yoast SEO plugin v27.5 - https:\/\/yoast.com\/product\/yoast-seo-wordpress\/ -->\n<title>Entre j\u00e1 em contato e solicite seu or\u00e7amento | Aliens Design<\/title>\n<meta name=\"description\" content=\"Ag\u00eancia de design que ainda pensa na sua estrat\u00e9gia? S\u00f3 pode ser Aliens Design, acesse e entre em contato agora mesmo!\" \/>\n<meta name=\"robots\" content=\"index, follow, max-snippet:-1, max-image-preview:large, max-video-preview:-1\" \/>\n<link rel=\"canonical\" href=\"https:\/\/aliensdesign.com.br\/en\/contato\/\" \/>\n<meta property=\"og:locale\" content=\"en_US\" \/>\n<meta property=\"og:type\" content=\"article\" \/>\n<meta property=\"og:title\" content=\"Entre j\u00e1 em contato e solicite seu or\u00e7amento | Aliens Design\" \/>\n<meta property=\"og:description\" content=\"Ag\u00eancia de design que ainda pensa na sua estrat\u00e9gia? S\u00f3 pode ser Aliens Design, acesse e entre em contato agora mesmo!\" \/>\n<meta property=\"og:url\" content=\"https:\/\/aliensdesign.com.br\/en\/contato\/\" \/>\n<meta property=\"og:site_name\" content=\"Aliens Design\" \/>\n<meta property=\"article:modified_time\" content=\"2023-01-25T18:17:02+00:00\" \/>\n<meta name=\"twitter:card\" content=\"summary_large_image\" \/>\n<meta name=\"twitter:label1\" content=\"Est. reading time\" \/>\n\t<meta name=\"twitter:data1\" content=\"1 minute\" \/>\n<script type=\"application\/ld+json\" class=\"yoast-schema-graph\">{\"@context\":\"https:\\\/\\\/schema.org\",\"@graph\":[{\"@type\":\"WebPage\",\"@id\":\"https:\\\/\\\/aliensdesign.com.br\\\/contato\\\/\",\"url\":\"https:\\\/\\\/aliensdesign.com.br\\\/contato\\\/\",\"name\":\"Entre j\u00e1 em contato e solicite seu or\u00e7amento | Aliens Design\",\"isPartOf\":{\"@id\":\"https:\\\/\\\/aliensdesign.com.br\\\/#website\"},\"datePublished\":\"2016-02-22T15:42:52+00:00\",\"dateModified\":\"2023-01-25T18:17:02+00:00\",\"description\":\"Ag\u00eancia de design que ainda pensa na sua estrat\u00e9gia? S\u00f3 pode ser Aliens Design, acesse e entre em contato agora mesmo!\",\"breadcrumb\":{\"@id\":\"https:\\\/\\\/aliensdesign.com.br\\\/contato\\\/#breadcrumb\"},\"inLanguage\":\"en-US\",\"potentialAction\":[{\"@type\":\"ReadAction\",\"target\":[\"https:\\\/\\\/aliensdesign.com.br\\\/contato\\\/\"]}]},{\"@type\":\"BreadcrumbList\",\"@id\":\"https:\\\/\\\/aliensdesign.com.br\\\/contato\\\/#breadcrumb\",\"itemListElement\":[{\"@type\":\"ListItem\",\"position\":1,\"name\":\"In\u00edcio\",\"item\":\"https:\\\/\\\/aliensdesign.com.br\\\/\"},{\"@type\":\"ListItem\",\"position\":2,\"name\":\"Contato\"}]},{\"@type\":\"WebSite\",\"@id\":\"https:\\\/\\\/aliensdesign.com.br\\\/#website\",\"url\":\"https:\\\/\\\/aliensdesign.com.br\\\/\",\"name\":\"Aliens Design\",\"description\":\"Ag\u00eancia de Design em Curitiba!\",\"potentialAction\":[{\"@type\":\"SearchAction\",\"target\":{\"@type\":\"EntryPoint\",\"urlTemplate\":\"https:\\\/\\\/aliensdesign.com.br\\\/?s={search_term_string}\"},\"query-input\":{\"@type\":\"PropertyValueSpecification\",\"valueRequired\":true,\"valueName\":\"search_term_string\"}}],\"inLanguage\":\"en-US\"}]}<\/script>\n<!-- \/ Yoast SEO plugin. -->","yoast_head_json":{"title":"Entre j\u00e1 em contato e solicite seu or\u00e7amento | Aliens Design","description":"Ag\u00eancia de design que ainda pensa na sua estrat\u00e9gia? S\u00f3 pode ser Aliens Design, acesse e entre em contato agora mesmo!","robots":{"index":"index","follow":"follow","max-snippet":"max-snippet:-1","max-image-preview":"max-image-preview:large","max-video-preview":"max-video-preview:-1"},"canonical":"https:\/\/aliensdesign.com.br\/en\/contato\/","og_locale":"en_US","og_type":"article","og_title":"Entre j\u00e1 em contato e solicite seu or\u00e7amento | Aliens Design","og_description":"Ag\u00eancia de design que ainda pensa na sua estrat\u00e9gia? S\u00f3 pode ser Aliens Design, acesse e entre em contato agora mesmo!","og_url":"https:\/\/aliensdesign.com.br\/en\/contato\/","og_site_name":"Aliens Design","article_modified_time":"2023-01-25T18:17:02+00:00","twitter_card":"summary_large_image","twitter_misc":{"Est. reading time":"1 minute"},"schema":{"@context":"https:\/\/schema.org","@graph":[{"@type":"WebPage","@id":"https:\/\/aliensdesign.com.br\/contato\/","url":"https:\/\/aliensdesign.com.br\/contato\/","name":"Entre j\u00e1 em contato e solicite seu or\u00e7amento | Aliens Design","isPartOf":{"@id":"https:\/\/aliensdesign.com.br\/#website"},"datePublished":"2016-02-22T15:42:52+00:00","dateModified":"2023-01-25T18:17:02+00:00","description":"Ag\u00eancia de design que ainda pensa na sua estrat\u00e9gia? S\u00f3 pode ser Aliens Design, acesse e entre em contato agora mesmo!","breadcrumb":{"@id":"https:\/\/aliensdesign.com.br\/contato\/#breadcrumb"},"inLanguage":"en-US","potentialAction":[{"@type":"ReadAction","target":["https:\/\/aliensdesign.com.br\/contato\/"]}]},{"@type":"BreadcrumbList","@id":"https:\/\/aliensdesign.com.br\/contato\/#breadcrumb","itemListElement":[{"@type":"ListItem","position":1,"name":"In\u00edcio","item":"https:\/\/aliensdesign.com.br\/"},{"@type":"ListItem","position":2,"name":"Contato"}]},{"@type":"WebSite","@id":"https:\/\/aliensdesign.com.br\/#website","url":"https:\/\/aliensdesign.com.br\/","name":"Aliens Design","description":"Ag\u00eancia de Design em Curitiba!","potentialAction":[{"@type":"SearchAction","target":{"@type":"EntryPoint","urlTemplate":"https:\/\/aliensdesign.com.br\/?s={search_term_string}"},"query-input":{"@type":"PropertyValueSpecification","valueRequired":true,"valueName":"search_term_string"}}],"inLanguage":"en-US"}]}},"_links":{"self":[{"href":"https:\/\/aliensdesign.com.br\/en\/wp-json\/wp\/v2\/pages\/44966","targetHints":{"allow":["GET"]}}],"collection":[{"href":"https:\/\/aliensdesign.com.br\/en\/wp-json\/wp\/v2\/pages"}],"about":[{"href":"https:\/\/aliensdesign.com.br\/en\/wp-json\/wp\/v2\/types\/page"}],"author":[{"embeddable":true,"href":"https:\/\/aliensdesign.com.br\/en\/wp-json\/wp\/v2\/users\/1"}],"replies":[{"embeddable":true,"href":"https:\/\/aliensdesign.com.br\/en\/wp-json\/wp\/v2\/comments?post=44966"}],"version-history":[{"count":6,"href":"https:\/\/aliensdesign.com.br\/en\/wp-json\/wp\/v2\/pages\/44966\/revisions"}],"predecessor-version":[{"id":110767,"href":"https:\/\/aliensdesign.com.br\/en\/wp-json\/wp\/v2\/pages\/44966\/revisions\/110767"}],"wp:attachment":[{"href":"https:\/\/aliensdesign.com.br\/en\/wp-json\/wp\/v2\/media?parent=44966"}],"curies":[{"name":"wp","href":"https:\/\/api.w.org\/{rel}","templated":true}]}}